{"id":95,"date":"2020-07-21T21:37:27","date_gmt":"2020-07-21T21:37:27","guid":{"rendered":"https:\/\/sermex.preghiere.eu\/?page_id=95"},"modified":"2020-07-21T21:37:27","modified_gmt":"2020-07-21T21:37:27","slug":"appunti","status":"publish","type":"page","link":"https:\/\/lucecristiana.org\/ricerca-bibbia\/istruzioni-sermex\/appunti\/","title":{"rendered":"Istruzioni ricerca testuale con appunti"},"content":{"rendered":"<h3 style=\"text-align: center;\">Come logica di funzionamento \u00e8 uguale alla <a href=\"https:\/\/sermex.preghiere.eu\/istruzioni-sermex\/semplice\/\" target=\"_blank\" rel=\"noopener\">modalita semplice (vedi)<\/a>, ma alcune funzionalit\u00e0 pi\u00f9 avanzate la differenziano. Vediamole&#8230;<\/h3>\n<p><a href=\"https:\/\/sermex.preghiere.eu\/wp-content\/uploads\/2020\/07\/schermata-appunti-1.jpg\" data-rel=\"penci-gallery-image-content\" target=\"_blank\" rel=\"noopener\"><img fetchpriority=\"high\" decoding=\"async\" class=\"aligncenter wp-image-96\" src=\"https:\/\/sermex.preghiere.eu\/wp-content\/uploads\/2020\/07\/schermata-appunti-1-300x144.jpg\" alt=\"istruzioni sermex\" width=\"377\" height=\"181\" srcset=\"https:\/\/lucecristiana.org\/ricerca-bibbia\/wp-content\/uploads\/2020\/07\/schermata-appunti-1-300x144.jpg 300w, https:\/\/lucecristiana.org\/ricerca-bibbia\/wp-content\/uploads\/2020\/07\/schermata-appunti-1-1024x492.jpg 1024w, https:\/\/lucecristiana.org\/ricerca-bibbia\/wp-content\/uploads\/2020\/07\/schermata-appunti-1-768x369.jpg 768w, https:\/\/lucecristiana.org\/ricerca-bibbia\/wp-content\/uploads\/2020\/07\/schermata-appunti-1-660x317.jpg 660w, https:\/\/lucecristiana.org\/ricerca-bibbia\/wp-content\/uploads\/2020\/07\/schermata-appunti-1.jpg 1348w\" sizes=\"(max-width: 377px) 100vw, 377px\" \/><\/a><\/p>\n<p>Inseriamo il termine da cercare nel modulo ricerca e clicchiamo su &#8220;cerca&#8221;.<\/p>\n<p>Il sistema mostra, sulla sinistra (punti n\u00b02 e 3), il libro dove trova il testo e per ogni libro i relativi capitoli dove \u00e8 presente il testo.<\/p>\n<p>Se clicchiamo il capitolo, mostrer\u00e0 tutti i relativi versetti(punto n\u00b04) di quel capitolo dove \u00e8 presente il termine di ricerca<\/p>\n<h3>Adesso che ci ha mostrato i risultati vediamo cosa possiamo farne<\/h3>\n<p style=\"text-align: center;\"><a href=\"https:\/\/sermex.preghiere.eu\/wp-content\/uploads\/2020\/07\/schermata-appunti-2.jpg\" data-rel=\"penci-gallery-image-content\" target=\"_blank\" rel=\"noopener\"><img decoding=\"async\" class=\"alignnone wp-image-97 \" src=\"https:\/\/sermex.preghiere.eu\/wp-content\/uploads\/2020\/07\/schermata-appunti-2-300x146.jpg\" alt=\"istruzioni sermex\" width=\"368\" height=\"179\" srcset=\"https:\/\/lucecristiana.org\/ricerca-bibbia\/wp-content\/uploads\/2020\/07\/schermata-appunti-2-300x146.jpg 300w, https:\/\/lucecristiana.org\/ricerca-bibbia\/wp-content\/uploads\/2020\/07\/schermata-appunti-2-1024x497.jpg 1024w, https:\/\/lucecristiana.org\/ricerca-bibbia\/wp-content\/uploads\/2020\/07\/schermata-appunti-2-768x373.jpg 768w, https:\/\/lucecristiana.org\/ricerca-bibbia\/wp-content\/uploads\/2020\/07\/schermata-appunti-2-660x320.jpg 660w, https:\/\/lucecristiana.org\/ricerca-bibbia\/wp-content\/uploads\/2020\/07\/schermata-appunti-2.jpg 1342w\" sizes=\"(max-width: 368px) 100vw, 368px\" \/><\/a><\/p>\n<p>I versetti che il sistema trova sono &#8220;cliccabili&#8221;(punto n\u00b06), infatti se cliccate sul versetto, il sistema lo seleziona e lo inserisce nel quaderno appunti(punto n\u00b06).<\/p>\n<p>Per maggiore comodit\u00e0 il sistema inserisce anche il riferimento del versetto (Libro e capitolo)<\/p>\n<p>Se volete eliminare il versetto dagli appunti precedentemente inserito, basta rifare un click sul versetto(punto n\u00b06)<\/p>\n<h4>Creazione PDF ed invio email<\/h4>\n<p>Quando vi sembra che la vostra ricerca \u00e8 finita e volete conservare gli appunti, \u00e8 possibile creare un PDF o inviarlo tramite email dalla barra degli strumenti. Esempio figura sotto<\/p>\n<p><a href=\"https:\/\/sermex.preghiere.eu\/wp-content\/uploads\/2020\/07\/schermata-pdf.jpg\" data-rel=\"penci-gallery-image-content\" target=\"_blank\" rel=\"noopener\"><img decoding=\"async\" class=\"aligncenter wp-image-98 size-medium\" src=\"https:\/\/sermex.preghiere.eu\/wp-content\/uploads\/2020\/07\/schermata-pdf-300x173.jpg\" alt=\"istruzioni sermex\" width=\"300\" height=\"173\" srcset=\"https:\/\/lucecristiana.org\/ricerca-bibbia\/wp-content\/uploads\/2020\/07\/schermata-pdf-300x173.jpg 300w, https:\/\/lucecristiana.org\/ricerca-bibbia\/wp-content\/uploads\/2020\/07\/schermata-pdf-1024x589.jpg 1024w, https:\/\/lucecristiana.org\/ricerca-bibbia\/wp-content\/uploads\/2020\/07\/schermata-pdf-768x442.jpg 768w, https:\/\/lucecristiana.org\/ricerca-bibbia\/wp-content\/uploads\/2020\/07\/schermata-pdf-660x380.jpg 660w, https:\/\/lucecristiana.org\/ricerca-bibbia\/wp-content\/uploads\/2020\/07\/schermata-pdf.jpg 1130w\" sizes=\"(max-width: 300px) 100vw, 300px\" \/><\/a><\/p>\n<p>il nome del file PDF \u00e8 deciso dal sistema in quanto titola il file in base alla ricerca effettuata, valido anche via email.<\/p>\n","protected":false},"excerpt":{"rendered":"<p>Come logica di funzionamento \u00e8 uguale alla modalita semplice (vedi), ma alcune funzionalit\u00e0 pi\u00f9 avanzate la differenziano. Vediamole&#8230; Inseriamo il termine da cercare nel modulo ricerca e clicchiamo su &#8220;cerca&#8221;.&hellip;<\/p>\n","protected":false},"author":24,"featured_media":85,"parent":73,"menu_order":0,"comment_status":"closed","ping_status":"closed","template":"","meta":{"footnotes":""},"class_list":["post-95","page","type-page","status-publish","has-post-thumbnail","hentry"],"_links":{"self":[{"href":"https:\/\/lucecristiana.org\/ricerca-bibbia\/wp-json\/wp\/v2\/pages\/95","targetHints":{"allow":["GET"]}}],"collection":[{"href":"https:\/\/lucecristiana.org\/ricerca-bibbia\/wp-json\/wp\/v2\/pages"}],"about":[{"href":"https:\/\/lucecristiana.org\/ricerca-bibbia\/wp-json\/wp\/v2\/types\/page"}],"author":[{"embeddable":true,"href":"https:\/\/lucecristiana.org\/ricerca-bibbia\/wp-json\/wp\/v2\/users\/24"}],"replies":[{"embeddable":true,"href":"https:\/\/lucecristiana.org\/ricerca-bibbia\/wp-json\/wp\/v2\/comments?post=95"}],"version-history":[{"count":2,"href":"https:\/\/lucecristiana.org\/ricerca-bibbia\/wp-json\/wp\/v2\/pages\/95\/revisions"}],"predecessor-version":[{"id":100,"href":"https:\/\/lucecristiana.org\/ricerca-bibbia\/wp-json\/wp\/v2\/pages\/95\/revisions\/100"}],"up":[{"embeddable":true,"href":"https:\/\/lucecristiana.org\/ricerca-bibbia\/wp-json\/wp\/v2\/pages\/73"}],"wp:featuredmedia":[{"embeddable":true,"href":"https:\/\/lucecristiana.org\/ricerca-bibbia\/wp-json\/wp\/v2\/media\/85"}],"wp:attachment":[{"href":"https:\/\/lucecristiana.org\/ricerca-bibbia\/wp-json\/wp\/v2\/media?parent=95"}],"curies":[{"name":"wp","href":"https:\/\/api.w.org\/{rel}","templated":true}]}}