{"id":14060,"date":"2022-06-19T11:01:38","date_gmt":"2022-06-19T11:01:38","guid":{"rendered":"https:\/\/lucecristiana.org\/devozioni\/?page_id=14060"},"modified":"2022-06-19T11:04:12","modified_gmt":"2022-06-19T11:04:12","slug":"cosa-sono-le-novene","status":"publish","type":"page","link":"https:\/\/lucecristiana.org\/devozioni\/cosa-sono-le-novene\/","title":{"rendered":"Novene: cosa sono e a cosa servono"},"content":{"rendered":"<p class=\"subtitle\"><em>Le novene ci tengono uniti alla preghiera della chiesa, una storia antica, vediamo come nascono.<\/em><\/p>\n<p>&nbsp;<\/p>\n<blockquote><p>Molto spesso sentiamo parlare della devozione alle novene, la cui pratica si perde nella notte dei tempi, senza le dovute conoscenze potremmo un attimo confonderci<\/p><\/blockquote>\n<p>&nbsp;<\/p>\n<h3>Introduzione alle novene<\/h3>\n<p>L&#8217;unica condizione per la validit\u00e0 della novena \u00e8 che sia fatta con determinazione, con costanza e senza interruzione per 9 giorni consecutivi.<\/p>\n<p>Alcuni suggerimenti<br \/>\ncome insegna la santa madre Chiesa, la vita spirituale, gli esercizi di piet\u00e0 e le devozioni<br \/>\nsono strettamente legati alla vita sacramentale e sono tanto pi\u00f9 efficaci e fruttosi quanto pi\u00f9 si corrisponde alla grazia del Signore. Pertanto, durante la novena \u00e8 consigliabile accostarsi al Sacramento della Riconciliazione per chiedere perdono a Dio dei propri peccati, partecipare alla Santa Messa quotidiana(quando \u00e8 possibile) e ricevere la Santa Eucaristia, fonte e culmine di tutta la vita Cristiana.<\/p>\n<p>Inoltre, ogni giorno della novena \u00e8 opportuno:<\/p>\n<p>1. Lodare, benedire e ringraziare la SS Trinit\u00e0: Dio Padre per il dono della creazione; Dio figlio per il dono della redenzione; Dio Spirito Santo per quella santificazione.<br \/>\n2. Perdonare sempre e chiunque.<br \/>\n3. Vivere con impegno e costanza la preghiera personale, familiare e comunitaria.<br \/>\n4. Compiere opere di carit\u00e0.<br \/>\n5. Abbandonarsi alla volont\u00e0 di Dio.<\/p>\n<p>In tal modo si fa gi\u00e0 l&#8217;esperienza di una vita Cristiana autentica, si attinge alla fonte prima della grazia di Dio, si pratica la fedelt\u00e0 e la corrispondenza ad essa, si sperimentano i suoi benefici e si ricevono tutte quelle benedizioni e consolazioni che alimentano la vita quotidiana.<\/p>\n<p>La novena, infatti, \u00e8 molto efficace, se si crede fermamente, di seguito facciamo qualche esempio:<\/p>\n<ul>\n<li><a href=\"\/devozioni\/novena-a-san-pio-da-pietrelcina\/\">Novena per superare periodi di sofferenza;<\/a><\/li>\n<li><a href=\"\/devozioni\/novena-a-san-rocco\/\">Novena in caso di malattia;<\/a><\/li>\n<li><a href=\"\/devozioni\/novena-allo-spirito-santo\/\">Novena in caso di angoscia;<\/a><\/li>\n<li><a href=\"\/devozioni\/novena-a-santa-gemma-galgani\/\">Novena per problemi di rovina morale;<\/a><\/li>\n<li><a href=\"\/devozioni\/novena-alla-beata-vergine-maria-di-lourdes\/\">Novena per risolvere problemi familiari;<\/a><\/li>\n<li><a href=\"\/devozioni\/novena-allo-sposalizio-di-maria-e-giuseppe\/\">Novena per salvare matrimoni in crisi;<\/a><\/li>\n<li><a href=\"\/devozioni\/novena-a-san-giuseppe\/\">Novena per trovare un lavoro;<\/a><\/li>\n<li><a href=\"\/devozioni\/novena-a-santa-rita\/\">Novena per essere illuminati nelle scelte pi\u00f9 difficili da prendere;<\/a><\/li>\n<li><a href=\"\/devozioni\/novena-a-san-giuseppe-moscati\/\">Novena per essere guariti;<\/a><\/li>\n<li><a href=\"\/devozioni\/novena-a-maria-ausiliatrice\/\">Novena per essere consolati;<\/a><\/li>\n<li><a href=\"\/devozioni\/novena-a-san-filippo-neri\/\">Novena per chiedere qualsiasi aiuto nelle piccole e grandi difficolt\u00e0 di ogni giorno;<\/a><\/li>\n<li><a href=\"\/devozioni\/novena-a-gesu-bambino-di-praga\/\">Novena per ringraziare delle immense grazie che continuamente riceviamo dal Signore.<\/a><\/li>\n<\/ul>\n<p>&nbsp;<\/p>\n<p><a href=\"\/devozioni\/calendario-novene\">Vedi tutte novene<\/a><\/p>\n<h5>Storia delle novene<\/h5>\n<p>Una pratica antica, una parte della vita della Chiesa, la sua nascita risale tra l&#8217;ascensione di Ges\u00f9 e la festa di Pentecoste.<\/p>\n<p>L&#8217;ultimo comandamento di Ges\u00f9, prima di ascendere al Cielo \u00e8 stato quello di aspettare per ricevere &#8220;la promessa del padre&#8221;:<\/p>\n<blockquote><p>\u201cMentre si trovava a tavola con essi, ordin\u00f2 loro di non allontanarsi da Gerusalemme, ma di attendere che si adempisse la promessa del Padre \u00abquella, disse, che voi avete udito da me: Giovanni ha battezzato con acqua, voi invece sarete battezzati in Spirito Santo, fra non molti giorni\u00bb\u201d (Atti 1, 4-5)<\/p><\/blockquote>\n<p>Dio, ha infatti realizzato la promessa in occasione della festa ebraica della Pentecoste come descritta nella citazione qui sopra. Questa festa veniva celebrata sempre 50 giorni dopo la Pasqua.<\/p>\n<div id=\"aleteia-welcome\"><\/div>\n<p>Secondo San Luca, Ges\u00f9 \u00e8 asceso al Cielo dopo essere apparso agli apostoli \u201cper quaranta giorni\u201d (Atti 1, 3) dopo la sua resurrezione. Ci\u00f2 vuol dire che il periodo tra l\u2019Ascensione di Ges\u00f9 e la venuta dello Spirito Santo a Pentecoste \u00e8 di nove giorni (non includendo il giorno dell\u2019Ascensione di Ges\u00f9).<\/p>\n<div class=\"nativo-inread\"><\/div>\n<div>Di conseguenza i Cristiani considerarono i nove giorni come modello di preghiera, sviluppando devozioni di nove giorni di preghiera, per un intenzione o un santo. Modello di preghiera ispirato dal Padre, quindi perfetto.<\/div>\n<div><\/div>\n<div>Una forma primitiva di novena la si ebbe pregando per i nove mesi che precedevano al Natale, in un certo qual modo si imitava la gravidanza della madre di Ges\u00f9.<\/div>\n<div><\/div>\n<div>Da allora il numero nove veniva usato spesso per qualsiasi situazione, ad esempio una novena di preghiere per la salute. La novena si consolid\u00f2 fino a diventare il fulcro della devozione cattolica<\/div>\n<div>\n<p>&nbsp;<\/p>\n<\/div>\n<h5>Cosa dice la chiesa sulle novene:<\/h5>\n<p style=\"text-align: justify;\">Esse sono strettamente legate alla vita sacramentale e ci permettono di strappare qualsiasi grazia al Signore quanto pi\u00f9 siamo vicini a lui. E\u2019, pertanto, ugualmente \u201c necessario \u201c, se possibile, durante la novena, confessarsi, partecipare quotidianamente alla Messa e ricevere la Santissima Eucaristia. Cos\u00ec si fa gi\u00e0 l\u2019esperienza di una vita cristiana autentica e si ricevono infinite benedizioni e consolazioni.<\/p>\n<p style=\"text-align: justify;\">Le novene, infatti, sono molto efficaci per superare periodi di depressioni, di angoscia, di rovina morale, di disastri familiari, per essere illuminati nelle scelte pi\u00f9 difficili da prendere, per essere guariti, consolati e per chiedere qualsiasi aiuto nelle piccole e grandi difficolt\u00e0 di ogni giorno.<\/p>\n<p>&nbsp;<\/p>\n","protected":false},"excerpt":{"rendered":"<p>Le novene ci tengono uniti alla preghiera della chiesa, una storia antica, vediamo come nascono. &nbsp; Molto spesso sentiamo parlare della devozione alle novene, la cui pratica si perde nella&hellip;<\/p>\n","protected":false},"author":1,"featured_media":14062,"parent":0,"menu_order":0,"comment_status":"closed","ping_status":"closed","template":"","meta":{"footnotes":""},"class_list":["post-14060","page","type-page","status-publish","has-post-thumbnail","hentry"],"_links":{"self":[{"href":"https:\/\/lucecristiana.org\/devozioni\/wp-json\/wp\/v2\/pages\/14060","targetHints":{"allow":["GET"]}}],"collection":[{"href":"https:\/\/lucecristiana.org\/devozioni\/wp-json\/wp\/v2\/pages"}],"about":[{"href":"https:\/\/lucecristiana.org\/devozioni\/wp-json\/wp\/v2\/types\/page"}],"author":[{"embeddable":true,"href":"https:\/\/lucecristiana.org\/devozioni\/wp-json\/wp\/v2\/users\/1"}],"replies":[{"embeddable":true,"href":"https:\/\/lucecristiana.org\/devozioni\/wp-json\/wp\/v2\/comments?post=14060"}],"version-history":[{"count":0,"href":"https:\/\/lucecristiana.org\/devozioni\/wp-json\/wp\/v2\/pages\/14060\/revisions"}],"wp:featuredmedia":[{"embeddable":true,"href":"https:\/\/lucecristiana.org\/devozioni\/wp-json\/wp\/v2\/media\/14062"}],"wp:attachment":[{"href":"https:\/\/lucecristiana.org\/devozioni\/wp-json\/wp\/v2\/media?parent=14060"}],"curies":[{"name":"wp","href":"https:\/\/api.w.org\/{rel}","templated":true}]}}