{"id":12881,"date":"2022-06-18T16:31:52","date_gmt":"2022-06-18T16:31:52","guid":{"rendered":"https:\/\/lucecristiana.org\/accendi-una-candela\/?page_id=12881"},"modified":"2022-06-18T16:32:40","modified_gmt":"2022-06-18T16:32:40","slug":"cosa-sono-i-necrologi","status":"publish","type":"page","link":"https:\/\/lucecristiana.org\/accendi-una-candela\/cosa-sono-i-necrologi\/","title":{"rendered":"Cosa sono i necrologi? &#8211; Dove inserirli?"},"content":{"rendered":"<p>Cosa sono i necrologi se lo chiedono in tanti, leggendo di seguito potrai capire nel dettagli di cosa si tratta<\/p>\n<h3>Cosa sono?<\/h3>\n<p>I necrologi sono annunci funebri che si pubblicano su giornali e riviste; possono essere anche un breve discorso pronunciato o scritto in onore in commemorazione di un defunto.<\/p>\n<h3>Perch\u00e9 si pubblicano i necrologi?<\/h3>\n<p>Molto spesso alla morte di un nostro caro diviene quasi indispensabile &#8220;annunciare al popolo&#8221; la morte di esso, cosi chi vuole potr\u00e0 condividere con noi il momento del distacco.<\/p>\n<h3>Dove si pubblicano i necrologi?<\/h3>\n<p>Nelle piccole cittadine solitamente si affiggono manifesti pubblici, al contrario nelle grandi citt\u00e0 si ricorre alla pubblicazione nei quotidiani locali.<\/p>\n<h3>Cosa si scrive nelle necrologie?<\/h3>\n<p>Nei necrologi si indica solitamente:<\/p>\n<ul>\n<li>Nome e cognome del defunto;<\/li>\n<li>Il cognome del marito nel caso fosse una donna o si indica come &#8220;vedova&#8221; se il marito \u00e8 deceduto da poco;<\/li>\n<li>Luogo e data di morte<\/li>\n<\/ul>\n<h3>Casi particolari sulle diciture dei necrologi<\/h3>\n<p>Nei necrologi bisogna indicare se il defunto aveva una carica o un titolo nobiliare \u00e8 possibile indicarla anteponendola al nome, senza esagerare per non apparire come esibizionisti.<\/p>\n<h3>Ulteriori impostazioni dei necrologi<\/h3>\n<p>E&#8217; possibile che la salma si trovasse in ospedale e venga portata in chiesa prima di essere traslocata al cimitero per la <a href=\"http:\/\/www.treccani.it\/vocabolario\/tumulazione\/\" target=\"_blank\" rel=\"noopener\">tumulazione<\/a>, in questo caso \u00e8 corretto indicare anche l&#8217;orario dell&#8217;esposizione in chiesa. Una grafica sobria sar\u00e0 sicuramente pi\u00f9 adatta per il momento particolare.<\/p>\n<h3>Esempi necrologi :<\/h3>\n<p>1.Improvvisamente \u00e8 mancato all&#8217;affetto dei suoi cari alla et\u00e0 di XX anni<br \/>\nNome defunto<br \/>\nNe danno il doloroso annuncio la moglie, i figli, le nuore, i nipoti ed i parenti tutti.\u2028I funerali avranno luogo giorno XX mese, alle ore XX:XX, nella chiesa di luogo, arrivando dall&#8217;ospedale di Citt\u00e0.\u2028Si ringraziano quanti vorranno onorarne la cara memoria.\u2028Eventuali offerte vadano a favore dell\u2019Associazione XXXXXXXXXXX\u2028. La veglia funebre si terr\u00e0 questa sera, alle ore XX:XX.<\/p>\n<p>2. Amorevolmente assistito dai suoi cari ci ha lasciato<br \/>\nNome defunto<br \/>\nNe danno il triste annuncio i figli Nome, Nome e Nome, i generi, i nipoti Nome, Nome e Nome, la sorella ed i parenti tutti.\u00a0I funerali verranno celebrati nella chiesa XXXXXXXX di Citt\u00e0 giorno XX mese alle ore XX:XX.\u00a0Si ringraziano anticipatamente quanti parteciperanno ai funerali.<\/p>\n<p>3. Dopo lunga malattia \u00e8 mancato all&#8217;affetto dei suoi cari<br \/>\nNome defunto<br \/>\nCon grande dolore lo partecipano la moglie Nome, i figli Nome con Nome, Nome e i familiari tutti.\u2028Il funerale avr\u00e0 luogo oggi alle ore XX:XX nella Parrocchia di XXXXXXXXXX, partendo dall\u2019 Ospedale Civile.<\/p>\n<p>4. Ci ha lasciato<br \/>\nNome defunto<br \/>\nL\u2019annunciano le figlie Nome e Nome assieme agli adorati nipoti, pronipoti e parenti tutti.\u2028Il funerale si svolger\u00e0 giorno XX mese, alle ore XX:XX, nella chiesa di luogo in via Nome.<\/p>\n<p>Che dire, la morte di un caro \u00e8 sempre un qualcosa che ci lascia smarriti ma non bisogna mai arrendersi e andare avanti, anche quando tutto si fa pesante.<\/p>\n<p>Ti consiglio di leggere il libro &#8220;<a href=\"https:\/\/www.lucecristiana.it\/book\/limitazione-di-cristo\/\" target=\"_blank\" rel=\"noopener\">Imitazione di Cristo<\/a>&#8221; dalla nostra libreria.<\/p>\n<h3>Se vuoi puoi lasciare il tuo necrologio nella nostra pagina dedicata &#8211; &gt; <a href=\"https:\/\/lucecristiana.org\/accendi-una-candela\/\">Scrivi o leggi i necrologi<\/a><\/h3>\n<p>&nbsp;<\/p>\n","protected":false},"excerpt":{"rendered":"<p>Cosa sono i necrologi se lo chiedono in tanti, leggendo di seguito potrai capire nel dettagli di cosa si tratta Cosa sono? I necrologi sono annunci funebri che si pubblicano&hellip;<\/p>\n","protected":false},"author":1,"featured_media":12882,"parent":0,"menu_order":0,"comment_status":"closed","ping_status":"closed","template":"","meta":{"footnotes":""},"class_list":["post-12881","page","type-page","status-publish","has-post-thumbnail","hentry"],"_links":{"self":[{"href":"https:\/\/lucecristiana.org\/accendi-una-candela\/wp-json\/wp\/v2\/pages\/12881","targetHints":{"allow":["GET"]}}],"collection":[{"href":"https:\/\/lucecristiana.org\/accendi-una-candela\/wp-json\/wp\/v2\/pages"}],"about":[{"href":"https:\/\/lucecristiana.org\/accendi-una-candela\/wp-json\/wp\/v2\/types\/page"}],"author":[{"embeddable":true,"href":"https:\/\/lucecristiana.org\/accendi-una-candela\/wp-json\/wp\/v2\/users\/1"}],"replies":[{"embeddable":true,"href":"https:\/\/lucecristiana.org\/accendi-una-candela\/wp-json\/wp\/v2\/comments?post=12881"}],"version-history":[{"count":0,"href":"https:\/\/lucecristiana.org\/accendi-una-candela\/wp-json\/wp\/v2\/pages\/12881\/revisions"}],"wp:featuredmedia":[{"embeddable":true,"href":"https:\/\/lucecristiana.org\/accendi-una-candela\/wp-json\/wp\/v2\/media\/12882"}],"wp:attachment":[{"href":"https:\/\/lucecristiana.org\/accendi-una-candela\/wp-json\/wp\/v2\/media?parent=12881"}],"curies":[{"name":"wp","href":"https:\/\/api.w.org\/{rel}","templated":true}]}}